{"id":4902,"date":"2025-02-02T21:14:45","date_gmt":"2025-02-02T21:14:45","guid":{"rendered":"https:\/\/universnumerique.com\/?post_type=product&#038;p=4902"},"modified":"2025-09-27T20:14:56","modified_gmt":"2025-09-27T20:14:56","slug":"microsoft-365-personnel-1-utilisateur-abonnement-12-mois-telechargement","status":"publish","type":"product","link":"https:\/\/universnumerique.com\/?product=microsoft-365-personnel-1-utilisateur-abonnement-12-mois-telechargement","title":{"rendered":"Microsoft 365 Personnel 1 utilisateur Abonnement 12 mois T\u00e9l\u00e9chargement"},"content":{"rendered":"<div class=\"f-productSection f-productDesc\">\n<div class=\"f-productSection__body f-productDesc__body\">\n<div class=\"f-productDesc__raw\">Pour 1 personne- Version Premium de la suite bureautique Office pour 1 personne, comprenant Word, Excel, PowerPoint, OneNote et Outlook.- 1 To de stockage en ligne OneDrive pour sauvegarder automatiquement vos photos et vos dossiers.- Fonctionne sous Windows, Mac, iOS et Android (iOS et Android requiert de t\u00e9l\u00e9charger une application d\u00e9di\u00e9e)Format : t\u00e9l\u00e9chargement \u2013 suite \u00e0 l\u2019achat la cl\u00e9 de licence Microsoft vous sera envoy\u00e9 par e-mail.<\/div>\n<\/div>\n<\/div>\n","protected":false},"excerpt":{"rendered":"<p>Pour 1 personne- Version Premium de la suite bureautique Office pour 1 personne, comprenant Word, Excel, PowerPoint, OneNote et Outlook.- 1 To de stockage en ligne OneDrive pour sauvegarder automatiquement vos photos et vos dossiers.- Fonctionne sous Windows, Mac, iOS et Android (iOS et Android requiert de t\u00e9l\u00e9charger une application d\u00e9di\u00e9e)Format : t\u00e9l\u00e9chargement \u2013 suite<\/p>\n<div class=\"klb-readmore button\"><a class=\"btn link\" href=\"https:\/\/universnumerique.com\/?product=microsoft-365-personnel-1-utilisateur-abonnement-12-mois-telechargement\">Read More <i class=\"klbth-icon-right-arrow\"><\/i><\/a><\/div>\n","protected":false},"featured_media":4906,"comment_status":"open","ping_status":"closed","template":"","meta":[],"product_brand":[],"product_cat":[231],"product_tag":[],"class_list":{"0":"post-4902","1":"product","2":"type-product","3":"status-publish","4":"has-post-thumbnail","6":"product_cat-logiciel","8":"first","9":"instock","10":"shipping-taxable","11":"purchasable","12":"product-type-simple"},"_links":{"self":[{"href":"https:\/\/universnumerique.com\/index.php?rest_route=\/wp\/v2\/product\/4902","targetHints":{"allow":["GET"]}}],"collection":[{"href":"https:\/\/universnumerique.com\/index.php?rest_route=\/wp\/v2\/product"}],"about":[{"href":"https:\/\/universnumerique.com\/index.php?rest_route=\/wp\/v2\/types\/product"}],"replies":[{"embeddable":true,"href":"https:\/\/universnumerique.com\/index.php?rest_route=%2Fwp%2Fv2%2Fcomments&post=4902"}],"wp:featuredmedia":[{"embeddable":true,"href":"https:\/\/universnumerique.com\/index.php?rest_route=\/wp\/v2\/media\/4906"}],"wp:attachment":[{"href":"https:\/\/universnumerique.com\/index.php?rest_route=%2Fwp%2Fv2%2Fmedia&parent=4902"}],"wp:term":[{"taxonomy":"product_brand","embeddable":true,"href":"https:\/\/universnumerique.com\/index.php?rest_route=%2Fwp%2Fv2%2Fproduct_brand&post=4902"},{"taxonomy":"product_cat","embeddable":true,"href":"https:\/\/universnumerique.com\/index.php?rest_route=%2Fwp%2Fv2%2Fproduct_cat&post=4902"},{"taxonomy":"product_tag","embeddable":true,"href":"https:\/\/universnumerique.com\/index.php?rest_route=%2Fwp%2Fv2%2Fproduct_tag&post=4902"}],"curies":[{"name":"wp","href":"https:\/\/api.w.org\/{rel}","templated":true}]}}