{"id":2299,"date":"2023-03-09T10:47:20","date_gmt":"2023-03-09T10:47:20","guid":{"rendered":"http:\/\/localhost\/blonwe\/?page_id=2299"},"modified":"2025-01-09T22:30:04","modified_gmt":"2025-01-09T22:30:04","slug":"contact","status":"publish","type":"page","link":"https:\/\/universnumerique.com\/?page_id=2299","title":{"rendered":"Contact"},"content":{"rendered":"\t\t<div data-elementor-type=\"wp-page\" data-elementor-id=\"2299\" class=\"elementor elementor-2299\">\n\t\t\t\t\t\t<section class=\"elementor-section elementor-top-section elementor-element elementor-element-8b26ca1 elementor-section-full_width elementor-section-height-default elementor-section-height-default\" data-id=\"8b26ca1\" data-element_type=\"section\" data-e-type=\"section\">\n\t\t\t\t\t\t<div class=\"elementor-container elementor-column-gap-no\">\n\t\t\t\t\t<div class=\"elementor-column elementor-col-100 elementor-top-column elementor-element elementor-element-d398bf6\" data-id=\"d398bf6\" data-element_type=\"column\" data-e-type=\"column\">\n\t\t\t<div class=\"elementor-widget-wrap elementor-element-populated\">\n\t\t\t\t\t\t<div class=\"elementor-element elementor-element-84f074f elementor-widget elementor-widget-blonwe-page-banner\" data-id=\"84f074f\" data-element_type=\"widget\" data-e-type=\"widget\" data-widget_type=\"blonwe-page-banner.default\">\n\t\t\t\t<div class=\"elementor-widget-container\">\n\t\t\t\t\t<div class=\"page-header\"><div class=\"container\"><div class=\"page-header-inner\"><h1 class=\"entry-title\">Votre Avis Nous Int\u00e9resse !<\/h1><div class=\"entry-description\"><p>Nous sommes \u00e0 votre \u00e9coute 24\/7\n<\/p><\/div><\/div><\/div><\/div>\t\t\t\t<\/div>\n\t\t\t\t<\/div>\n\t\t\t\t\t<\/div>\n\t\t<\/div>\n\t\t\t\t\t<\/div>\n\t\t<\/section>\n\t\t\t\t<section class=\"elementor-section elementor-top-section elementor-element elementor-element-6f76042 elementor-section-boxed elementor-section-height-default elementor-section-height-default\" data-id=\"6f76042\" data-element_type=\"section\" data-e-type=\"section\">\n\t\t\t\t\t\t<div class=\"elementor-container elementor-column-gap-extended\">\n\t\t\t\t\t<div class=\"elementor-column elementor-col-50 elementor-top-column elementor-element elementor-element-15a63b9\" data-id=\"15a63b9\" data-element_type=\"column\" data-e-type=\"column\">\n\t\t\t<div class=\"elementor-widget-wrap elementor-element-populated\">\n\t\t\t\t\t\t<div class=\"elementor-element elementor-element-adbfb26 elementor-widget elementor-widget-blonwe-address-box\" data-id=\"adbfb26\" data-element_type=\"widget\" data-e-type=\"widget\" data-widget_type=\"blonwe-address-box.default\">\n\t\t\t\t<div class=\"elementor-widget-container\">\n\t\t\t\t\t<div class=\"klb-address-detail style-1\"><div class=\"address-icon number\">01<\/div><div class=\"address-detail\"><div class=\"address-country\">Tunisie<\/div><div class=\"address-title\">Tunisie<\/div><p class=\"address\">32 Avenue Habib Bourguiba, 2\u00e8me \u00e9tage, Bardo Tunis<\/p><p class=\"phone\"><a href=\"tel:+216 54 420 629\">+216 54 420 629<\/a><\/p><a href=\"mailto:universnum\u00e9rique6@gmail.com\" class=\"email\">universnum\u00e9rique6@gmail.com<\/a><\/div><\/div>\t\t\t\t<\/div>\n\t\t\t\t<\/div>\n\t\t\t\t\t<\/div>\n\t\t<\/div>\n\t\t\t\t<div class=\"elementor-column elementor-col-50 elementor-top-column elementor-element elementor-element-af8508f\" data-id=\"af8508f\" data-element_type=\"column\" data-e-type=\"column\">\n\t\t\t<div class=\"elementor-widget-wrap elementor-element-populated\">\n\t\t\t\t\t\t<div class=\"elementor-element elementor-element-52553e8 elementor-widget elementor-widget-blonwe-address-box\" data-id=\"52553e8\" data-element_type=\"widget\" data-e-type=\"widget\" data-widget_type=\"blonwe-address-box.default\">\n\t\t\t\t<div class=\"elementor-widget-container\">\n\t\t\t\t\t<div class=\"klb-address-detail style-1\"><div class=\"address-icon number\">02<\/div><div class=\"address-detail\"><div class=\"address-country\">France<\/div><div class=\"address-title\">France<\/div><p class=\"address\">Route Pontoise Argenteuil Cedex 75015<\/p><p class=\"phone\"><a href=\"tel:+33 0367180701\">+33 0367180701<\/a><\/p><a href=\"mailto:universnum\u00e9rique6@gmail.com\" class=\"email\">universnum\u00e9rique6@gmail.com<\/a><\/div><\/div>\t\t\t\t<\/div>\n\t\t\t\t<\/div>\n\t\t\t\t\t<\/div>\n\t\t<\/div>\n\t\t\t\t\t<\/div>\n\t\t<\/section>\n\t\t\t\t<section class=\"elementor-section elementor-top-section elementor-element elementor-element-5d2fefe elementor-section-boxed elementor-section-height-default elementor-section-height-default\" data-id=\"5d2fefe\" data-element_type=\"section\" data-e-type=\"section\">\n\t\t\t\t\t\t<div class=\"elementor-container elementor-column-gap-extended\">\n\t\t\t\t\t<div class=\"elementor-column elementor-col-100 elementor-top-column elementor-element elementor-element-823e090\" data-id=\"823e090\" data-element_type=\"column\" data-e-type=\"column\">\n\t\t\t<div class=\"elementor-widget-wrap elementor-element-populated\">\n\t\t\t\t\t\t<div class=\"elementor-element elementor-element-a05ff7d elementor-widget-divider--view-line elementor-widget elementor-widget-divider\" data-id=\"a05ff7d\" data-element_type=\"widget\" data-e-type=\"widget\" data-widget_type=\"divider.default\">\n\t\t\t\t<div class=\"elementor-widget-container\">\n\t\t\t\t\t\t\t<div class=\"elementor-divider\">\n\t\t\t<span class=\"elementor-divider-separator\">\n\t\t\t\t\t\t<\/span>\n\t\t<\/div>\n\t\t\t\t\t\t<\/div>\n\t\t\t\t<\/div>\n\t\t\t\t\t<\/div>\n\t\t<\/div>\n\t\t\t\t\t<\/div>\n\t\t<\/section>\n\t\t\t\t<section class=\"elementor-section elementor-top-section elementor-element elementor-element-f3de2e3 elementor-section-boxed elementor-section-height-default elementor-section-height-default\" data-id=\"f3de2e3\" data-element_type=\"section\" data-e-type=\"section\">\n\t\t\t\t\t\t<div class=\"elementor-container elementor-column-gap-extended\">\n\t\t\t\t\t<div class=\"elementor-column elementor-col-50 elementor-top-column elementor-element elementor-element-1599fe1\" data-id=\"1599fe1\" data-element_type=\"column\" data-e-type=\"column\">\n\t\t\t<div class=\"elementor-widget-wrap elementor-element-populated\">\n\t\t\t\t\t\t<div class=\"elementor-element elementor-element-e7a6835 elementor-widget elementor-widget-image\" data-id=\"e7a6835\" data-element_type=\"widget\" data-e-type=\"widget\" data-widget_type=\"image.default\">\n\t\t\t\t<div class=\"elementor-widget-container\">\n\t\t\t\t\t\t\t\t\t\t\t\t\t\t\t<img fetchpriority=\"high\" decoding=\"async\" width=\"768\" height=\"600\" src=\"https:\/\/universnumerique.com\/wp-content\/uploads\/2023\/03\/contact-image-1.jpg\" class=\"attachment-full size-full wp-image-2323\" alt=\"\" srcset=\"https:\/\/universnumerique.com\/wp-content\/uploads\/2023\/03\/contact-image-1.jpg 768w, https:\/\/universnumerique.com\/wp-content\/uploads\/2023\/03\/contact-image-1-69x54.jpg 69w, https:\/\/universnumerique.com\/wp-content\/uploads\/2023\/03\/contact-image-1-600x469.jpg 600w, https:\/\/universnumerique.com\/wp-content\/uploads\/2023\/03\/contact-image-1-300x234.jpg 300w\" sizes=\"(max-width: 768px) 100vw, 768px\" \/>\t\t\t\t\t\t\t\t\t\t\t\t\t\t\t<\/div>\n\t\t\t\t<\/div>\n\t\t\t\t\t<\/div>\n\t\t<\/div>\n\t\t\t\t<div class=\"elementor-column elementor-col-50 elementor-top-column elementor-element elementor-element-5cb7e60\" data-id=\"5cb7e60\" data-element_type=\"column\" data-e-type=\"column\">\n\t\t\t<div class=\"elementor-widget-wrap elementor-element-populated\">\n\t\t\t\t\t\t<div class=\"elementor-element elementor-element-95dd3f5 elementor-widget elementor-widget-blonwe-contact-form-7\" data-id=\"95dd3f5\" data-element_type=\"widget\" data-e-type=\"widget\" data-widget_type=\"blonwe-contact-form-7.default\">\n\t\t\t\t<div class=\"elementor-widget-container\">\n\t\t\t\t\t<div class=\"klb-contact-form contact-form\"><div class=\"form-header\"><h3 class=\"entry-title\">Contactez-Nous<\/h3><div class=\"entry-description\"><p>Nous R\u00e9pondons Dans Les Plus Brefs D\u00e9lais<\/p><\/div><\/div>\n<div class=\"wpcf7 no-js\" id=\"wpcf7-f2343-o1\" lang=\"en-US\" dir=\"ltr\" data-wpcf7-id=\"2343\">\n<div class=\"screen-reader-response\"><p role=\"status\" aria-live=\"polite\" aria-atomic=\"true\"><\/p> <ul><\/ul><\/div>\n<form action=\"\/index.php?rest_route=%2Fwp%2Fv2%2Fpages%2F2299#wpcf7-f2343-o1\" method=\"post\" class=\"wpcf7-form init\" aria-label=\"Contact form\" novalidate=\"novalidate\" data-status=\"init\">\n<fieldset class=\"hidden-fields-container\"><input type=\"hidden\" name=\"_wpcf7\" value=\"2343\" \/><input type=\"hidden\" name=\"_wpcf7_version\" value=\"6.1.5\" \/><input type=\"hidden\" name=\"_wpcf7_locale\" value=\"en_US\" \/><input type=\"hidden\" name=\"_wpcf7_unit_tag\" value=\"wpcf7-f2343-o1\" \/><input type=\"hidden\" name=\"_wpcf7_container_post\" value=\"0\" \/><input type=\"hidden\" name=\"_wpcf7_posted_data_hash\" value=\"\" \/>\n<\/fieldset>\n<div class=\"row\">\n\t<div class=\"col-12 col-lg-6\">\n\t\t<p><label> Your name * <\/label><span class=\"wpcf7-form-control-wrap\" data-name=\"your-name\"><input size=\"40\" maxlength=\"400\" class=\"wpcf7-form-control wpcf7-text wpcf7-validates-as-required\" aria-required=\"true\" aria-invalid=\"false\" value=\"\" type=\"text\" name=\"your-name\" \/><\/span>\n\t\t<\/p>\n\t<\/div>\n\t<div class=\"col-12 col-lg-6\">\n\t\t<p><label> Your email *<\/label><span class=\"wpcf7-form-control-wrap\" data-name=\"your-email\"><input size=\"40\" maxlength=\"400\" class=\"wpcf7-form-control wpcf7-email wpcf7-validates-as-required wpcf7-text wpcf7-validates-as-email\" aria-required=\"true\" aria-invalid=\"false\" value=\"\" type=\"email\" name=\"your-email\" \/><\/span>\n\t\t<\/p>\n\t<\/div>\n\t<div class=\"col-12 col-lg-12\">\n\t\t<p><label> Subject * <\/label><span class=\"wpcf7-form-control-wrap\" data-name=\"your-subject\"><input size=\"40\" maxlength=\"400\" class=\"wpcf7-form-control wpcf7-text wpcf7-validates-as-required\" aria-required=\"true\" aria-invalid=\"false\" value=\"\" type=\"text\" name=\"your-subject\" \/><\/span>\n\t\t<\/p>\n\t<\/div>\n\t<div class=\"col-12 col-lg-12\">\n\t\t<p><label> Your message <\/label><span class=\"wpcf7-form-control-wrap\" data-name=\"your-message\"><textarea cols=\"40\" rows=\"10\" maxlength=\"2000\" class=\"wpcf7-form-control wpcf7-textarea\" aria-invalid=\"false\" name=\"your-message\"><\/textarea><\/span>\n\t\t<\/p>\n\t<\/div>\n\t<div class=\"col-12 col-lg-12\">\n\t\t<p><input class=\"wpcf7-form-control wpcf7-submit has-spinner\" type=\"submit\" value=\"Send Message\" \/>\n\t\t<\/p>\n\t<\/div>\n<\/div><div class=\"wpcf7-response-output\" aria-hidden=\"true\"><\/div>\n<\/form>\n<\/div>\n<\/div><!-- contact-form -->\t\t\t\t<\/div>\n\t\t\t\t<\/div>\n\t\t\t\t\t<\/div>\n\t\t<\/div>\n\t\t\t\t\t<\/div>\n\t\t<\/section>\n\t\t\t\t<section class=\"elementor-section elementor-top-section elementor-element elementor-element-004cd92 elementor-section-boxed elementor-section-height-default elementor-section-height-default\" data-id=\"004cd92\" data-element_type=\"section\" data-e-type=\"section\">\n\t\t\t\t\t\t<div class=\"elementor-container elementor-column-gap-extended\">\n\t\t\t\t\t<div class=\"elementor-column elementor-col-33 elementor-top-column elementor-element elementor-element-aaf55ce\" data-id=\"aaf55ce\" data-element_type=\"column\" data-e-type=\"column\">\n\t\t\t<div class=\"elementor-widget-wrap elementor-element-populated\">\n\t\t\t\t\t\t<div class=\"elementor-element elementor-element-da3cb6e elementor-widget elementor-widget-blonwe-icon-box\" data-id=\"da3cb6e\" data-element_type=\"widget\" data-e-type=\"widget\" data-widget_type=\"blonwe-icon-box.default\">\n\t\t\t\t<div class=\"elementor-widget-container\">\n\t\t\t\t\t<div class=\"klb-module module-iconbox \"><div class=\"module-body\"><div class=\"iconbox-icon\"><i class=\"klb-delivery-icon-ship-o\"><\/i><\/div><div class=\"iconbox-content\"><h4 class=\"entry-title\">Livraison Partout<\/h4><p>Nous livrons o\u00f9 vous \u00eates<\/p><\/div> <\/div> <\/div>\t\t\t\t<\/div>\n\t\t\t\t<\/div>\n\t\t\t\t\t<\/div>\n\t\t<\/div>\n\t\t\t\t<div class=\"elementor-column elementor-col-33 elementor-top-column elementor-element elementor-element-2afea8b\" data-id=\"2afea8b\" data-element_type=\"column\" data-e-type=\"column\">\n\t\t\t<div class=\"elementor-widget-wrap elementor-element-populated\">\n\t\t\t\t\t\t<div class=\"elementor-element elementor-element-e306602 elementor-widget elementor-widget-blonwe-icon-box\" data-id=\"e306602\" data-element_type=\"widget\" data-e-type=\"widget\" data-widget_type=\"blonwe-icon-box.default\">\n\t\t\t\t<div class=\"elementor-widget-container\">\n\t\t\t\t\t<div class=\"klb-module module-iconbox \"><div class=\"module-body\"><div class=\"iconbox-icon\"><i class=\"klb-delivery-icon-call-center\"><\/i><\/div><div class=\"iconbox-content\"><h4 class=\"entry-title\">Support 24\/7<\/h4><p>Nous sommes \u00e0 l'\u00e9coute 24\/7\n<\/p><\/div> <\/div> <\/div>\t\t\t\t<\/div>\n\t\t\t\t<\/div>\n\t\t\t\t\t<\/div>\n\t\t<\/div>\n\t\t\t\t<div class=\"elementor-column elementor-col-33 elementor-top-column elementor-element elementor-element-7275497\" data-id=\"7275497\" data-element_type=\"column\" data-e-type=\"column\">\n\t\t\t<div class=\"elementor-widget-wrap elementor-element-populated\">\n\t\t\t\t\t\t<div class=\"elementor-element elementor-element-d795168 elementor-widget elementor-widget-blonwe-icon-box\" data-id=\"d795168\" data-element_type=\"widget\" data-e-type=\"widget\" data-widget_type=\"blonwe-icon-box.default\">\n\t\t\t\t<div class=\"elementor-widget-container\">\n\t\t\t\t\t<div class=\"klb-module module-iconbox \"><div class=\"module-body\"><div class=\"iconbox-icon\"><i class=\"klb-ecommerce-icon-discount-down\"><\/i><\/div><div class=\"iconbox-content\"><h4 class=\"entry-title\">Remises Exceptionnelles<\/h4><p>Sur toute commande d\u00e9passsant 400\u20ac\n<\/p><\/div> <\/div> <\/div>\t\t\t\t<\/div>\n\t\t\t\t<\/div>\n\t\t\t\t\t<\/div>\n\t\t<\/div>\n\t\t\t\t\t<\/div>\n\t\t<\/section>\n\t\t\t\t<\/div>\n\t\t","protected":false},"excerpt":{"rendered":"<p>Votre Avis Nous Int\u00e9resse ! Nous sommes \u00e0 votre \u00e9coute 24\/7 01TunisieTunisie 32 Avenue Habib Bourguiba, 2\u00e8me \u00e9tage, Bardo Tunis +216 54 420 629 universnum\u00e9rique6@gmail.com 02FranceFrance Route Pontoise Argenteuil Cedex 75015 +33 0367180701 universnum\u00e9rique6@gmail.com Contactez-Nous Nous R\u00e9pondons Dans Les Plus Brefs D\u00e9lais Your name * Your email * Subject * Your message Livraison Partout Nous<\/p>\n<div class=\"klb-readmore button\"><a class=\"btn link\" href=\"https:\/\/universnumerique.com\/?page_id=2299\">Read More <i class=\"klbth-icon-right-arrow\"><\/i><\/a><\/div>\n","protected":false},"author":1,"featured_media":0,"parent":0,"menu_order":0,"comment_status":"closed","ping_status":"closed","template":"","meta":{"footnotes":""},"class_list":["post-2299","page","type-page","status-publish","hentry"],"_links":{"self":[{"href":"https:\/\/universnumerique.com\/index.php?rest_route=\/wp\/v2\/pages\/2299","targetHints":{"allow":["GET"]}}],"collection":[{"href":"https:\/\/universnumerique.com\/index.php?rest_route=\/wp\/v2\/pages"}],"about":[{"href":"https:\/\/universnumerique.com\/index.php?rest_route=\/wp\/v2\/types\/page"}],"author":[{"embeddable":true,"href":"https:\/\/universnumerique.com\/index.php?rest_route=\/wp\/v2\/users\/1"}],"replies":[{"embeddable":true,"href":"https:\/\/universnumerique.com\/index.php?rest_route=%2Fwp%2Fv2%2Fcomments&post=2299"}],"version-history":[{"count":13,"href":"https:\/\/universnumerique.com\/index.php?rest_route=\/wp\/v2\/pages\/2299\/revisions"}],"predecessor-version":[{"id":4844,"href":"https:\/\/universnumerique.com\/index.php?rest_route=\/wp\/v2\/pages\/2299\/revisions\/4844"}],"wp:attachment":[{"href":"https:\/\/universnumerique.com\/index.php?rest_route=%2Fwp%2Fv2%2Fmedia&parent=2299"}],"curies":[{"name":"wp","href":"https:\/\/api.w.org\/{rel}","templated":true}]}}